{"id":1195,"date":"2021-06-28T11:33:20","date_gmt":"2021-06-28T08:33:20","guid":{"rendered":"https:\/\/www.lemeks.ee\/?page_id=1195"},"modified":"2021-07-06T15:51:41","modified_gmt":"2021-07-06T12:51:41","slug":"birds-eye-view","status":"publish","type":"page","link":"https:\/\/www.lemeks.ee\/en\/our-story\/birds-eye-view\/","title":{"rendered":"Bird&#8217;s Eye View"},"content":{"rendered":"","protected":false},"excerpt":{"rendered":"","protected":false},"author":6,"featured_media":0,"parent":1184,"menu_order":6,"comment_status":"closed","ping_status":"closed","template":"","meta":{"_acf_changed":false,"footnotes":""},"class_list":["post-1195","page","type-page","status-publish","hentry"],"acf":{"photo_gallery":{"galerii":[[{"id":1161,"title":"Nordwood - Aegviidu production site","caption":"","full_image_url":"https:\/\/www.lemeks.ee\/wp-content\/uploads\/2021\/05\/Nordwood_Aegviidu_Puit.jpg","thumbnail_image_url":"https:\/\/www.lemeks.ee\/wp-content\/uploads\/2021\/05\/Nordwood_Aegviidu_Puit-150x150.jpg","large_srcset":"https:\/\/www.lemeks.ee\/wp-content\/uploads\/2021\/05\/Nordwood_Aegviidu_Puit-1024x767.jpg 1024w, https:\/\/www.lemeks.ee\/wp-content\/uploads\/2021\/05\/Nordwood_Aegviidu_Puit-300x225.jpg 300w, https:\/\/www.lemeks.ee\/wp-content\/uploads\/2021\/05\/Nordwood_Aegviidu_Puit-768x576.jpg 768w, https:\/\/www.lemeks.ee\/wp-content\/uploads\/2021\/05\/Nordwood_Aegviidu_Puit-1536x1151.jpg 1536w, https:\/\/www.lemeks.ee\/wp-content\/uploads\/2021\/05\/Nordwood_Aegviidu_Puit.jpg 1576w","medium_srcset":"https:\/\/www.lemeks.ee\/wp-content\/uploads\/2021\/05\/Nordwood_Aegviidu_Puit-300x225.jpg 300w, https:\/\/www.lemeks.ee\/wp-content\/uploads\/2021\/05\/Nordwood_Aegviidu_Puit-1024x767.jpg 1024w, https:\/\/www.lemeks.ee\/wp-content\/uploads\/2021\/05\/Nordwood_Aegviidu_Puit-768x576.jpg 768w, https:\/\/www.lemeks.ee\/wp-content\/uploads\/2021\/05\/Nordwood_Aegviidu_Puit-1536x1151.jpg 1536w, https:\/\/www.lemeks.ee\/wp-content\/uploads\/2021\/05\/Nordwood_Aegviidu_Puit.jpg 1576w","media_details":{"width":1576,"height":1181,"sizes":{"medium":{"file":"Nordwood_Aegviidu_Puit-300x225.jpg","width":300,"height":225,"mime-type":"image\/jpeg","source_url":"https:\/\/www.lemeks.ee\/wp-content\/uploads\/2021\/05\/Nordwood_Aegviidu_Puit-300x225.jpg"},"large":{"file":"Nordwood_Aegviidu_Puit-1024x767.jpg","width":1024,"height":767,"mime-type":"image\/jpeg","source_url":"https:\/\/www.lemeks.ee\/wp-content\/uploads\/2021\/05\/Nordwood_Aegviidu_Puit-1024x767.jpg"},"thumbnail":{"file":"Nordwood_Aegviidu_Puit-150x150.jpg","width":150,"height":150,"mime-type":"image\/jpeg","source_url":"https:\/\/www.lemeks.ee\/wp-content\/uploads\/2021\/05\/Nordwood_Aegviidu_Puit-150x150.jpg"},"medium_large":{"file":"Nordwood_Aegviidu_Puit-768x576.jpg","width":768,"height":576,"mime-type":"image\/jpeg","source_url":"https:\/\/www.lemeks.ee\/wp-content\/uploads\/2021\/05\/Nordwood_Aegviidu_Puit-768x576.jpg"},"1536x1536":{"file":"Nordwood_Aegviidu_Puit-1536x1151.jpg","width":1536,"height":1151,"mime-type":"image\/jpeg","source_url":"https:\/\/www.lemeks.ee\/wp-content\/uploads\/2021\/05\/Nordwood_Aegviidu_Puit-1536x1151.jpg"}}},"alt_text":"","url":"","target":""},{"id":1163,"title":"Nordwood - Viru-Nigula production site","caption":"","full_image_url":"https:\/\/www.lemeks.ee\/wp-content\/uploads\/2021\/05\/Nordwood_Viru-Nigula_Saeveski-scaled.jpg","thumbnail_image_url":"https:\/\/www.lemeks.ee\/wp-content\/uploads\/2021\/05\/Nordwood_Viru-Nigula_Saeveski-150x150.jpg","large_srcset":"https:\/\/www.lemeks.ee\/wp-content\/uploads\/2021\/05\/Nordwood_Viru-Nigula_Saeveski-1024x457.jpg 1024w, https:\/\/www.lemeks.ee\/wp-content\/uploads\/2021\/05\/Nordwood_Viru-Nigula_Saeveski-300x134.jpg 300w, https:\/\/www.lemeks.ee\/wp-content\/uploads\/2021\/05\/Nordwood_Viru-Nigula_Saeveski-768x343.jpg 768w, https:\/\/www.lemeks.ee\/wp-content\/uploads\/2021\/05\/Nordwood_Viru-Nigula_Saeveski-1536x686.jpg 1536w, https:\/\/www.lemeks.ee\/wp-content\/uploads\/2021\/05\/Nordwood_Viru-Nigula_Saeveski-2048x914.jpg 2048w","medium_srcset":"https:\/\/www.lemeks.ee\/wp-content\/uploads\/2021\/05\/Nordwood_Viru-Nigula_Saeveski-300x134.jpg 300w, https:\/\/www.lemeks.ee\/wp-content\/uploads\/2021\/05\/Nordwood_Viru-Nigula_Saeveski-1024x457.jpg 1024w, https:\/\/www.lemeks.ee\/wp-content\/uploads\/2021\/05\/Nordwood_Viru-Nigula_Saeveski-768x343.jpg 768w, https:\/\/www.lemeks.ee\/wp-content\/uploads\/2021\/05\/Nordwood_Viru-Nigula_Saeveski-1536x686.jpg 1536w, https:\/\/www.lemeks.ee\/wp-content\/uploads\/2021\/05\/Nordwood_Viru-Nigula_Saeveski-2048x914.jpg 2048w","media_details":{"width":2560,"height":1143,"sizes":{"medium":{"file":"Nordwood_Viru-Nigula_Saeveski-300x134.jpg","width":300,"height":134,"mime-type":"image\/jpeg","source_url":"https:\/\/www.lemeks.ee\/wp-content\/uploads\/2021\/05\/Nordwood_Viru-Nigula_Saeveski-300x134.jpg"},"large":{"file":"Nordwood_Viru-Nigula_Saeveski-1024x457.jpg","width":1024,"height":457,"mime-type":"image\/jpeg","source_url":"https:\/\/www.lemeks.ee\/wp-content\/uploads\/2021\/05\/Nordwood_Viru-Nigula_Saeveski-1024x457.jpg"},"thumbnail":{"file":"Nordwood_Viru-Nigula_Saeveski-150x150.jpg","width":150,"height":150,"mime-type":"image\/jpeg","source_url":"https:\/\/www.lemeks.ee\/wp-content\/uploads\/2021\/05\/Nordwood_Viru-Nigula_Saeveski-150x150.jpg"},"medium_large":{"file":"Nordwood_Viru-Nigula_Saeveski-768x343.jpg","width":768,"height":343,"mime-type":"image\/jpeg","source_url":"https:\/\/www.lemeks.ee\/wp-content\/uploads\/2021\/05\/Nordwood_Viru-Nigula_Saeveski-768x343.jpg"},"1536x1536":{"file":"Nordwood_Viru-Nigula_Saeveski-1536x686.jpg","width":1536,"height":686,"mime-type":"image\/jpeg","source_url":"https:\/\/www.lemeks.ee\/wp-content\/uploads\/2021\/05\/Nordwood_Viru-Nigula_Saeveski-1536x686.jpg"},"2048x2048":{"file":"Nordwood_Viru-Nigula_Saeveski-2048x914.jpg","width":2048,"height":914,"mime-type":"image\/jpeg","source_url":"https:\/\/www.lemeks.ee\/wp-content\/uploads\/2021\/05\/Nordwood_Viru-Nigula_Saeveski-2048x914.jpg"}}},"alt_text":"","url":"","target":""},{"id":1162,"title":"Nordwood - Viiratsi production site","caption":"","full_image_url":"https:\/\/www.lemeks.ee\/wp-content\/uploads\/2021\/05\/Nordwood_Viiratsi_Saeveski.jpg","thumbnail_image_url":"https:\/\/www.lemeks.ee\/wp-content\/uploads\/2021\/05\/Nordwood_Viiratsi_Saeveski-150x150.jpg","large_srcset":"https:\/\/www.lemeks.ee\/wp-content\/uploads\/2021\/05\/Nordwood_Viiratsi_Saeveski-1024x575.jpg 1024w, https:\/\/www.lemeks.ee\/wp-content\/uploads\/2021\/05\/Nordwood_Viiratsi_Saeveski-300x169.jpg 300w, https:\/\/www.lemeks.ee\/wp-content\/uploads\/2021\/05\/Nordwood_Viiratsi_Saeveski-768x431.jpg 768w, https:\/\/www.lemeks.ee\/wp-content\/uploads\/2021\/05\/Nordwood_Viiratsi_Saeveski-1536x863.jpg 1536w, https:\/\/www.lemeks.ee\/wp-content\/uploads\/2021\/05\/Nordwood_Viiratsi_Saeveski-2048x1151.jpg 2048w","medium_srcset":"https:\/\/www.lemeks.ee\/wp-content\/uploads\/2021\/05\/Nordwood_Viiratsi_Saeveski-300x169.jpg 300w, https:\/\/www.lemeks.ee\/wp-content\/uploads\/2021\/05\/Nordwood_Viiratsi_Saeveski-1024x575.jpg 1024w, https:\/\/www.lemeks.ee\/wp-content\/uploads\/2021\/05\/Nordwood_Viiratsi_Saeveski-768x431.jpg 768w, https:\/\/www.lemeks.ee\/wp-content\/uploads\/2021\/05\/Nordwood_Viiratsi_Saeveski-1536x863.jpg 1536w, https:\/\/www.lemeks.ee\/wp-content\/uploads\/2021\/05\/Nordwood_Viiratsi_Saeveski-2048x1151.jpg 2048w","media_details":{"width":2102,"height":1181,"sizes":{"medium":{"file":"Nordwood_Viiratsi_Saeveski-300x169.jpg","width":300,"height":169,"mime-type":"image\/jpeg","source_url":"https:\/\/www.lemeks.ee\/wp-content\/uploads\/2021\/05\/Nordwood_Viiratsi_Saeveski-300x169.jpg"},"large":{"file":"Nordwood_Viiratsi_Saeveski-1024x575.jpg","width":1024,"height":575,"mime-type":"image\/jpeg","source_url":"https:\/\/www.lemeks.ee\/wp-content\/uploads\/2021\/05\/Nordwood_Viiratsi_Saeveski-1024x575.jpg"},"thumbnail":{"file":"Nordwood_Viiratsi_Saeveski-150x150.jpg","width":150,"height":150,"mime-type":"image\/jpeg","source_url":"https:\/\/www.lemeks.ee\/wp-content\/uploads\/2021\/05\/Nordwood_Viiratsi_Saeveski-150x150.jpg"},"medium_large":{"file":"Nordwood_Viiratsi_Saeveski-768x431.jpg","width":768,"height":431,"mime-type":"image\/jpeg","source_url":"https:\/\/www.lemeks.ee\/wp-content\/uploads\/2021\/05\/Nordwood_Viiratsi_Saeveski-768x431.jpg"},"1536x1536":{"file":"Nordwood_Viiratsi_Saeveski-1536x863.jpg","width":1536,"height":863,"mime-type":"image\/jpeg","source_url":"https:\/\/www.lemeks.ee\/wp-content\/uploads\/2021\/05\/Nordwood_Viiratsi_Saeveski-1536x863.jpg"},"2048x2048":{"file":"Nordwood_Viiratsi_Saeveski-2048x1151.jpg","width":2048,"height":1151,"mime-type":"image\/jpeg","source_url":"https:\/\/www.lemeks.ee\/wp-content\/uploads\/2021\/05\/Nordwood_Viiratsi_Saeveski-2048x1151.jpg"}}},"alt_text":"","url":"","target":""},{"id":1158,"title":"Estonian Plywood - Viruvere production site","caption":"","full_image_url":"https:\/\/www.lemeks.ee\/wp-content\/uploads\/2021\/05\/Estonian_Plywood_Viruvere_tootmis\u00fcksus.jpg","thumbnail_image_url":"https:\/\/www.lemeks.ee\/wp-content\/uploads\/2021\/05\/Estonian_Plywood_Viruvere_tootmis\u00fcksus-150x150.jpg","large_srcset":"https:\/\/www.lemeks.ee\/wp-content\/uploads\/2021\/05\/Estonian_Plywood_Viruvere_tootmis\u00fcksus-1024x788.jpg 1024w, https:\/\/www.lemeks.ee\/wp-content\/uploads\/2021\/05\/Estonian_Plywood_Viruvere_tootmis\u00fcksus-300x231.jpg 300w, https:\/\/www.lemeks.ee\/wp-content\/uploads\/2021\/05\/Estonian_Plywood_Viruvere_tootmis\u00fcksus-768x591.jpg 768w, https:\/\/www.lemeks.ee\/wp-content\/uploads\/2021\/05\/Estonian_Plywood_Viruvere_tootmis\u00fcksus.jpg 1535w","medium_srcset":"https:\/\/www.lemeks.ee\/wp-content\/uploads\/2021\/05\/Estonian_Plywood_Viruvere_tootmis\u00fcksus-300x231.jpg 300w, https:\/\/www.lemeks.ee\/wp-content\/uploads\/2021\/05\/Estonian_Plywood_Viruvere_tootmis\u00fcksus-1024x788.jpg 1024w, https:\/\/www.lemeks.ee\/wp-content\/uploads\/2021\/05\/Estonian_Plywood_Viruvere_tootmis\u00fcksus-768x591.jpg 768w, https:\/\/www.lemeks.ee\/wp-content\/uploads\/2021\/05\/Estonian_Plywood_Viruvere_tootmis\u00fcksus.jpg 1535w","media_details":{"width":1535,"height":1181,"sizes":{"medium":{"file":"Estonian_Plywood_Viruvere_tootmis\u00fcksus-300x231.jpg","width":300,"height":231,"mime-type":"image\/jpeg","source_url":"https:\/\/www.lemeks.ee\/wp-content\/uploads\/2021\/05\/Estonian_Plywood_Viruvere_tootmis\u00fcksus-300x231.jpg"},"large":{"file":"Estonian_Plywood_Viruvere_tootmis\u00fcksus-1024x788.jpg","width":1024,"height":788,"mime-type":"image\/jpeg","source_url":"https:\/\/www.lemeks.ee\/wp-content\/uploads\/2021\/05\/Estonian_Plywood_Viruvere_tootmis\u00fcksus-1024x788.jpg"},"thumbnail":{"file":"Estonian_Plywood_Viruvere_tootmis\u00fcksus-150x150.jpg","width":150,"height":150,"mime-type":"image\/jpeg","source_url":"https:\/\/www.lemeks.ee\/wp-content\/uploads\/2021\/05\/Estonian_Plywood_Viruvere_tootmis\u00fcksus-150x150.jpg"},"medium_large":{"file":"Estonian_Plywood_Viruvere_tootmis\u00fcksus-768x591.jpg","width":768,"height":591,"mime-type":"image\/jpeg","source_url":"https:\/\/www.lemeks.ee\/wp-content\/uploads\/2021\/05\/Estonian_Plywood_Viruvere_tootmis\u00fcksus-768x591.jpg"}}},"alt_text":"","url":"","target":""},{"id":1157,"title":"Pinest - Himmaste production site","caption":"","full_image_url":"https:\/\/www.lemeks.ee\/wp-content\/uploads\/2021\/05\/Pinest_Himmaste_tootmis\u00fcksus.jpg","thumbnail_image_url":"https:\/\/www.lemeks.ee\/wp-content\/uploads\/2021\/05\/Pinest_Himmaste_tootmis\u00fcksus-150x150.jpg","large_srcset":"https:\/\/www.lemeks.ee\/wp-content\/uploads\/2021\/05\/Pinest_Himmaste_tootmis\u00fcksus-1024x788.jpg 1024w, https:\/\/www.lemeks.ee\/wp-content\/uploads\/2021\/05\/Pinest_Himmaste_tootmis\u00fcksus-300x231.jpg 300w, https:\/\/www.lemeks.ee\/wp-content\/uploads\/2021\/05\/Pinest_Himmaste_tootmis\u00fcksus-768x591.jpg 768w, https:\/\/www.lemeks.ee\/wp-content\/uploads\/2021\/05\/Pinest_Himmaste_tootmis\u00fcksus.jpg 1535w","medium_srcset":"https:\/\/www.lemeks.ee\/wp-content\/uploads\/2021\/05\/Pinest_Himmaste_tootmis\u00fcksus-300x231.jpg 300w, https:\/\/www.lemeks.ee\/wp-content\/uploads\/2021\/05\/Pinest_Himmaste_tootmis\u00fcksus-1024x788.jpg 1024w, https:\/\/www.lemeks.ee\/wp-content\/uploads\/2021\/05\/Pinest_Himmaste_tootmis\u00fcksus-768x591.jpg 768w, https:\/\/www.lemeks.ee\/wp-content\/uploads\/2021\/05\/Pinest_Himmaste_tootmis\u00fcksus.jpg 1535w","media_details":{"width":1535,"height":1181,"sizes":{"medium":{"file":"Pinest_Himmaste_tootmis\u00fcksus-300x231.jpg","width":300,"height":231,"mime-type":"image\/jpeg","source_url":"https:\/\/www.lemeks.ee\/wp-content\/uploads\/2021\/05\/Pinest_Himmaste_tootmis\u00fcksus-300x231.jpg"},"large":{"file":"Pinest_Himmaste_tootmis\u00fcksus-1024x788.jpg","width":1024,"height":788,"mime-type":"image\/jpeg","source_url":"https:\/\/www.lemeks.ee\/wp-content\/uploads\/2021\/05\/Pinest_Himmaste_tootmis\u00fcksus-1024x788.jpg"},"thumbnail":{"file":"Pinest_Himmaste_tootmis\u00fcksus-150x150.jpg","width":150,"height":150,"mime-type":"image\/jpeg","source_url":"https:\/\/www.lemeks.ee\/wp-content\/uploads\/2021\/05\/Pinest_Himmaste_tootmis\u00fcksus-150x150.jpg"},"medium_large":{"file":"Pinest_Himmaste_tootmis\u00fcksus-768x591.jpg","width":768,"height":591,"mime-type":"image\/jpeg","source_url":"https:\/\/www.lemeks.ee\/wp-content\/uploads\/2021\/05\/Pinest_Himmaste_tootmis\u00fcksus-768x591.jpg"}}},"alt_text":"","url":"","target":""},{"id":1159,"title":"Palmako - Kavastu production plant solar energy site","caption":"","full_image_url":"https:\/\/www.lemeks.ee\/wp-content\/uploads\/2021\/05\/Palmako_Kavastu_tehase_p\u00e4ikesepark.jpg","thumbnail_image_url":"https:\/\/www.lemeks.ee\/wp-content\/uploads\/2021\/05\/Palmako_Kavastu_tehase_p\u00e4ikesepark-150x150.jpg","large_srcset":"https:\/\/www.lemeks.ee\/wp-content\/uploads\/2021\/05\/Palmako_Kavastu_tehase_p\u00e4ikesepark-1024x682.jpg 1024w, https:\/\/www.lemeks.ee\/wp-content\/uploads\/2021\/05\/Palmako_Kavastu_tehase_p\u00e4ikesepark-300x200.jpg 300w, https:\/\/www.lemeks.ee\/wp-content\/uploads\/2021\/05\/Palmako_Kavastu_tehase_p\u00e4ikesepark-768x511.jpg 768w, https:\/\/www.lemeks.ee\/wp-content\/uploads\/2021\/05\/Palmako_Kavastu_tehase_p\u00e4ikesepark.jpg 1200w","medium_srcset":"https:\/\/www.lemeks.ee\/wp-content\/uploads\/2021\/05\/Palmako_Kavastu_tehase_p\u00e4ikesepark-300x200.jpg 300w, https:\/\/www.lemeks.ee\/wp-content\/uploads\/2021\/05\/Palmako_Kavastu_tehase_p\u00e4ikesepark-1024x682.jpg 1024w, https:\/\/www.lemeks.ee\/wp-content\/uploads\/2021\/05\/Palmako_Kavastu_tehase_p\u00e4ikesepark-768x511.jpg 768w, https:\/\/www.lemeks.ee\/wp-content\/uploads\/2021\/05\/Palmako_Kavastu_tehase_p\u00e4ikesepark.jpg 1200w","media_details":{"width":1200,"height":799,"sizes":{"medium":{"file":"Palmako_Kavastu_tehase_p\u00e4ikesepark-300x200.jpg","width":300,"height":200,"mime-type":"image\/jpeg","source_url":"https:\/\/www.lemeks.ee\/wp-content\/uploads\/2021\/05\/Palmako_Kavastu_tehase_p\u00e4ikesepark-300x200.jpg"},"large":{"file":"Palmako_Kavastu_tehase_p\u00e4ikesepark-1024x682.jpg","width":1024,"height":682,"mime-type":"image\/jpeg","source_url":"https:\/\/www.lemeks.ee\/wp-content\/uploads\/2021\/05\/Palmako_Kavastu_tehase_p\u00e4ikesepark-1024x682.jpg"},"thumbnail":{"file":"Palmako_Kavastu_tehase_p\u00e4ikesepark-150x150.jpg","width":150,"height":150,"mime-type":"image\/jpeg","source_url":"https:\/\/www.lemeks.ee\/wp-content\/uploads\/2021\/05\/Palmako_Kavastu_tehase_p\u00e4ikesepark-150x150.jpg"},"medium_large":{"file":"Palmako_Kavastu_tehase_p\u00e4ikesepark-768x511.jpg","width":768,"height":511,"mime-type":"image\/jpeg","source_url":"https:\/\/www.lemeks.ee\/wp-content\/uploads\/2021\/05\/Palmako_Kavastu_tehase_p\u00e4ikesepark-768x511.jpg"}}},"alt_text":"","url":"","target":""},{"id":1153,"title":"Palmako - Kavastu production site","caption":"","full_image_url":"https:\/\/www.lemeks.ee\/wp-content\/uploads\/2021\/05\/Palmako_Kavastu_tootmis\u00fcksus.jpg","thumbnail_image_url":"https:\/\/www.lemeks.ee\/wp-content\/uploads\/2021\/05\/Palmako_Kavastu_tootmis\u00fcksus-150x150.jpg","large_srcset":"https:\/\/www.lemeks.ee\/wp-content\/uploads\/2021\/05\/Palmako_Kavastu_tootmis\u00fcksus-1024x681.jpg 1024w, https:\/\/www.lemeks.ee\/wp-content\/uploads\/2021\/05\/Palmako_Kavastu_tootmis\u00fcksus-300x199.jpg 300w, https:\/\/www.lemeks.ee\/wp-content\/uploads\/2021\/05\/Palmako_Kavastu_tootmis\u00fcksus-768x510.jpg 768w, https:\/\/www.lemeks.ee\/wp-content\/uploads\/2021\/05\/Palmako_Kavastu_tootmis\u00fcksus.jpg 1181w","medium_srcset":"https:\/\/www.lemeks.ee\/wp-content\/uploads\/2021\/05\/Palmako_Kavastu_tootmis\u00fcksus-300x199.jpg 300w, https:\/\/www.lemeks.ee\/wp-content\/uploads\/2021\/05\/Palmako_Kavastu_tootmis\u00fcksus-1024x681.jpg 1024w, https:\/\/www.lemeks.ee\/wp-content\/uploads\/2021\/05\/Palmako_Kavastu_tootmis\u00fcksus-768x510.jpg 768w, https:\/\/www.lemeks.ee\/wp-content\/uploads\/2021\/05\/Palmako_Kavastu_tootmis\u00fcksus.jpg 1181w","media_details":{"width":1181,"height":785,"sizes":{"medium":{"file":"Palmako_Kavastu_tootmis\u00fcksus-300x199.jpg","width":300,"height":199,"mime-type":"image\/jpeg","source_url":"https:\/\/www.lemeks.ee\/wp-content\/uploads\/2021\/05\/Palmako_Kavastu_tootmis\u00fcksus-300x199.jpg"},"large":{"file":"Palmako_Kavastu_tootmis\u00fcksus-1024x681.jpg","width":1024,"height":681,"mime-type":"image\/jpeg","source_url":"https:\/\/www.lemeks.ee\/wp-content\/uploads\/2021\/05\/Palmako_Kavastu_tootmis\u00fcksus-1024x681.jpg"},"thumbnail":{"file":"Palmako_Kavastu_tootmis\u00fcksus-150x150.jpg","width":150,"height":150,"mime-type":"image\/jpeg","source_url":"https:\/\/www.lemeks.ee\/wp-content\/uploads\/2021\/05\/Palmako_Kavastu_tootmis\u00fcksus-150x150.jpg"},"medium_large":{"file":"Palmako_Kavastu_tootmis\u00fcksus-768x510.jpg","width":768,"height":510,"mime-type":"image\/jpeg","source_url":"https:\/\/www.lemeks.ee\/wp-content\/uploads\/2021\/05\/Palmako_Kavastu_tootmis\u00fcksus-768x510.jpg"}}},"alt_text":"","url":"","target":""},{"id":1156,"title":"Palmako - P\u00f5ltsamaa production site","caption":"","full_image_url":"https:\/\/www.lemeks.ee\/wp-content\/uploads\/2021\/05\/Palmako_P\u00f5ltsamaa_tootmis\u00fcksus.jpg","thumbnail_image_url":"https:\/\/www.lemeks.ee\/wp-content\/uploads\/2021\/05\/Palmako_P\u00f5ltsamaa_tootmis\u00fcksus-150x150.jpg","large_srcset":"https:\/\/www.lemeks.ee\/wp-content\/uploads\/2021\/05\/Palmako_P\u00f5ltsamaa_tootmis\u00fcksus-1024x682.jpg 1024w, https:\/\/www.lemeks.ee\/wp-content\/uploads\/2021\/05\/Palmako_P\u00f5ltsamaa_tootmis\u00fcksus-300x200.jpg 300w, https:\/\/www.lemeks.ee\/wp-content\/uploads\/2021\/05\/Palmako_P\u00f5ltsamaa_tootmis\u00fcksus-768x511.jpg 768w, https:\/\/www.lemeks.ee\/wp-content\/uploads\/2021\/05\/Palmako_P\u00f5ltsamaa_tootmis\u00fcksus.jpg 1181w","medium_srcset":"https:\/\/www.lemeks.ee\/wp-content\/uploads\/2021\/05\/Palmako_P\u00f5ltsamaa_tootmis\u00fcksus-300x200.jpg 300w, https:\/\/www.lemeks.ee\/wp-content\/uploads\/2021\/05\/Palmako_P\u00f5ltsamaa_tootmis\u00fcksus-1024x682.jpg 1024w, https:\/\/www.lemeks.ee\/wp-content\/uploads\/2021\/05\/Palmako_P\u00f5ltsamaa_tootmis\u00fcksus-768x511.jpg 768w, https:\/\/www.lemeks.ee\/wp-content\/uploads\/2021\/05\/Palmako_P\u00f5ltsamaa_tootmis\u00fcksus.jpg 1181w","media_details":{"width":1181,"height":786,"sizes":{"medium":{"file":"Palmako_P\u00f5ltsamaa_tootmis\u00fcksus-300x200.jpg","width":300,"height":200,"mime-type":"image\/jpeg","source_url":"https:\/\/www.lemeks.ee\/wp-content\/uploads\/2021\/05\/Palmako_P\u00f5ltsamaa_tootmis\u00fcksus-300x200.jpg"},"large":{"file":"Palmako_P\u00f5ltsamaa_tootmis\u00fcksus-1024x682.jpg","width":1024,"height":682,"mime-type":"image\/jpeg","source_url":"https:\/\/www.lemeks.ee\/wp-content\/uploads\/2021\/05\/Palmako_P\u00f5ltsamaa_tootmis\u00fcksus-1024x682.jpg"},"thumbnail":{"file":"Palmako_P\u00f5ltsamaa_tootmis\u00fcksus-150x150.jpg","width":150,"height":150,"mime-type":"image\/jpeg","source_url":"https:\/\/www.lemeks.ee\/wp-content\/uploads\/2021\/05\/Palmako_P\u00f5ltsamaa_tootmis\u00fcksus-150x150.jpg"},"medium_large":{"file":"Palmako_P\u00f5ltsamaa_tootmis\u00fcksus-768x511.jpg","width":768,"height":511,"mime-type":"image\/jpeg","source_url":"https:\/\/www.lemeks.ee\/wp-content\/uploads\/2021\/05\/Palmako_P\u00f5ltsamaa_tootmis\u00fcksus-768x511.jpg"}}},"alt_text":"","url":"","target":""},{"id":1155,"title":"Palmako - Ojak\u00fcla production site","caption":"","full_image_url":"https:\/\/www.lemeks.ee\/wp-content\/uploads\/2021\/05\/Palmako_Ojak\u00fcla_tootmis\u00fcksus.jpg","thumbnail_image_url":"https:\/\/www.lemeks.ee\/wp-content\/uploads\/2021\/05\/Palmako_Ojak\u00fcla_tootmis\u00fcksus-150x150.jpg","large_srcset":"https:\/\/www.lemeks.ee\/wp-content\/uploads\/2021\/05\/Palmako_Ojak\u00fcla_tootmis\u00fcksus-1024x682.jpg 1024w, https:\/\/www.lemeks.ee\/wp-content\/uploads\/2021\/05\/Palmako_Ojak\u00fcla_tootmis\u00fcksus-300x200.jpg 300w, https:\/\/www.lemeks.ee\/wp-content\/uploads\/2021\/05\/Palmako_Ojak\u00fcla_tootmis\u00fcksus-768x511.jpg 768w, https:\/\/www.lemeks.ee\/wp-content\/uploads\/2021\/05\/Palmako_Ojak\u00fcla_tootmis\u00fcksus.jpg 1181w","medium_srcset":"https:\/\/www.lemeks.ee\/wp-content\/uploads\/2021\/05\/Palmako_Ojak\u00fcla_tootmis\u00fcksus-300x200.jpg 300w, https:\/\/www.lemeks.ee\/wp-content\/uploads\/2021\/05\/Palmako_Ojak\u00fcla_tootmis\u00fcksus-1024x682.jpg 1024w, https:\/\/www.lemeks.ee\/wp-content\/uploads\/2021\/05\/Palmako_Ojak\u00fcla_tootmis\u00fcksus-768x511.jpg 768w, https:\/\/www.lemeks.ee\/wp-content\/uploads\/2021\/05\/Palmako_Ojak\u00fcla_tootmis\u00fcksus.jpg 1181w","media_details":{"width":1181,"height":786,"sizes":{"medium":{"file":"Palmako_Ojak\u00fcla_tootmis\u00fcksus-300x200.jpg","width":300,"height":200,"mime-type":"image\/jpeg","source_url":"https:\/\/www.lemeks.ee\/wp-content\/uploads\/2021\/05\/Palmako_Ojak\u00fcla_tootmis\u00fcksus-300x200.jpg"},"large":{"file":"Palmako_Ojak\u00fcla_tootmis\u00fcksus-1024x682.jpg","width":1024,"height":682,"mime-type":"image\/jpeg","source_url":"https:\/\/www.lemeks.ee\/wp-content\/uploads\/2021\/05\/Palmako_Ojak\u00fcla_tootmis\u00fcksus-1024x682.jpg"},"thumbnail":{"file":"Palmako_Ojak\u00fcla_tootmis\u00fcksus-150x150.jpg","width":150,"height":150,"mime-type":"image\/jpeg","source_url":"https:\/\/www.lemeks.ee\/wp-content\/uploads\/2021\/05\/Palmako_Ojak\u00fcla_tootmis\u00fcksus-150x150.jpg"},"medium_large":{"file":"Palmako_Ojak\u00fcla_tootmis\u00fcksus-768x511.jpg","width":768,"height":511,"mime-type":"image\/jpeg","source_url":"https:\/\/www.lemeks.ee\/wp-content\/uploads\/2021\/05\/Palmako_Ojak\u00fcla_tootmis\u00fcksus-768x511.jpg"}}},"alt_text":"","url":"","target":""},{"id":1154,"title":"Palmako - Laekvere production site","caption":"","full_image_url":"https:\/\/www.lemeks.ee\/wp-content\/uploads\/2021\/05\/Palmako_Laekvere_tootmis\u00fcksus.jpg","thumbnail_image_url":"https:\/\/www.lemeks.ee\/wp-content\/uploads\/2021\/05\/Palmako_Laekvere_tootmis\u00fcksus-150x150.jpg","large_srcset":"https:\/\/www.lemeks.ee\/wp-content\/uploads\/2021\/05\/Palmako_Laekvere_tootmis\u00fcksus-1024x682.jpg 1024w, https:\/\/www.lemeks.ee\/wp-content\/uploads\/2021\/05\/Palmako_Laekvere_tootmis\u00fcksus-300x200.jpg 300w, https:\/\/www.lemeks.ee\/wp-content\/uploads\/2021\/05\/Palmako_Laekvere_tootmis\u00fcksus-768x511.jpg 768w, https:\/\/www.lemeks.ee\/wp-content\/uploads\/2021\/05\/Palmako_Laekvere_tootmis\u00fcksus.jpg 1181w","medium_srcset":"https:\/\/www.lemeks.ee\/wp-content\/uploads\/2021\/05\/Palmako_Laekvere_tootmis\u00fcksus-300x200.jpg 300w, https:\/\/www.lemeks.ee\/wp-content\/uploads\/2021\/05\/Palmako_Laekvere_tootmis\u00fcksus-1024x682.jpg 1024w, https:\/\/www.lemeks.ee\/wp-content\/uploads\/2021\/05\/Palmako_Laekvere_tootmis\u00fcksus-768x511.jpg 768w, https:\/\/www.lemeks.ee\/wp-content\/uploads\/2021\/05\/Palmako_Laekvere_tootmis\u00fcksus.jpg 1181w","media_details":{"width":1181,"height":786,"sizes":{"medium":{"file":"Palmako_Laekvere_tootmis\u00fcksus-300x200.jpg","width":300,"height":200,"mime-type":"image\/jpeg","source_url":"https:\/\/www.lemeks.ee\/wp-content\/uploads\/2021\/05\/Palmako_Laekvere_tootmis\u00fcksus-300x200.jpg"},"large":{"file":"Palmako_Laekvere_tootmis\u00fcksus-1024x682.jpg","width":1024,"height":682,"mime-type":"image\/jpeg","source_url":"https:\/\/www.lemeks.ee\/wp-content\/uploads\/2021\/05\/Palmako_Laekvere_tootmis\u00fcksus-1024x682.jpg"},"thumbnail":{"file":"Palmako_Laekvere_tootmis\u00fcksus-150x150.jpg","width":150,"height":150,"mime-type":"image\/jpeg","source_url":"https:\/\/www.lemeks.ee\/wp-content\/uploads\/2021\/05\/Palmako_Laekvere_tootmis\u00fcksus-150x150.jpg"},"medium_large":{"file":"Palmako_Laekvere_tootmis\u00fcksus-768x511.jpg","width":768,"height":511,"mime-type":"image\/jpeg","source_url":"https:\/\/www.lemeks.ee\/wp-content\/uploads\/2021\/05\/Palmako_Laekvere_tootmis\u00fcksus-768x511.jpg"}}},"alt_text":"","url":"","target":""}]]}},"_links":{"self":[{"href":"https:\/\/www.lemeks.ee\/en\/wp-json\/wp\/v2\/pages\/1195","targetHints":{"allow":["GET"]}}],"collection":[{"href":"https:\/\/www.lemeks.ee\/en\/wp-json\/wp\/v2\/pages"}],"about":[{"href":"https:\/\/www.lemeks.ee\/en\/wp-json\/wp\/v2\/types\/page"}],"author":[{"embeddable":true,"href":"https:\/\/www.lemeks.ee\/en\/wp-json\/wp\/v2\/users\/6"}],"replies":[{"embeddable":true,"href":"https:\/\/www.lemeks.ee\/en\/wp-json\/wp\/v2\/comments?post=1195"}],"version-history":[{"count":2,"href":"https:\/\/www.lemeks.ee\/en\/wp-json\/wp\/v2\/pages\/1195\/revisions"}],"predecessor-version":[{"id":1330,"href":"https:\/\/www.lemeks.ee\/en\/wp-json\/wp\/v2\/pages\/1195\/revisions\/1330"}],"up":[{"embeddable":true,"href":"https:\/\/www.lemeks.ee\/en\/wp-json\/wp\/v2\/pages\/1184"}],"wp:attachment":[{"href":"https:\/\/www.lemeks.ee\/en\/wp-json\/wp\/v2\/media?parent=1195"}],"curies":[{"name":"wp","href":"https:\/\/api.w.org\/{rel}","templated":true}]}}