{"id":1192,"date":"2021-06-28T11:33:03","date_gmt":"2021-06-28T08:33:03","guid":{"rendered":"https:\/\/www.lemeks.ee\/?page_id=1192"},"modified":"2025-06-26T12:19:41","modified_gmt":"2025-06-26T09:19:41","slug":"history","status":"publish","type":"page","link":"https:\/\/www.lemeks.ee\/en\/our-story\/history\/","title":{"rendered":"History"},"content":{"rendered":"\n<p>When the restored Republic of Estonia began to rapidly develop, it was the right time to create a logging company which covers the whole of Estonia and values domestic timber.<\/p>\n\n\n\n<p>In 1993, Lemeks launched logging and harvesting forests in Tartu, J\u00f5geva, V\u00f5ru, Valga and P\u00f5lva counties. For example, the University of Tartu Hospital was established, the first episode of the TV soap \u2018\u00d5nne 13\u2019 was broadcast and the Estonian National Heritage Board was established the same year.<\/p>\n\n\n\n<p>A year later, we began producing sawn timber. In late 1996, we built the first timber terminal in Kunda in order to export pulpwood. In 1997, we established our subsidiary Palmako, whose first products were houses and saunas made of milled round timber.<\/p>\n\n\n\n<p>In 1998, we purchased the majority shares of A&amp;P Mets, which had started stocking timber and managing forest holdings, and established a timber terminal in Paldiski as well. Our subsidiary Palmako reoriented on the serial production of smaller milled square-log garden houses.<\/p>\n\n\n\n<p>In 2000, we launched Baltic Forest, a subsidiary engaged in forest management in Latvia, and Imprest AS, a company manufacturing machine rounded timber garden products in Ojak\u00fcla.<\/p>\n\n\n\n<p>In 2002, we purchased Viiratsi Sawmill with Rait AS.<\/p>\n\n\n\n<p>In 2004, when Estonia joined NATO as well as the European Union, we purchased cereal-growing company Sakala P\u00f5ldur through our subsidiary A&amp;P Mets.<\/p>\n\n\n\n<p>Pinest, which produces finger-jointed glulam timber components, started operating in Himmaste, P\u00f5lva County, in 2005.<\/p>\n\n\n\n<p>In 2006, Palmako produced the first larger wooden houses tailor-made for clients according to their designs.<\/p>\n\n\n\n<p>A glulam timber unit also started operating in Palmako in 2007, allowing the company to produce glulam timber, duo\/trio beams and glulam logs. The glulam timber unit in Kavastu has installed an innovative production line, which makes the production process more efficient and, thanks to its extensive product range, more customer-centred.<\/p>\n\n\n\n<p>In 2009, Lemeks\u2019 affiliate Viiratsi Sawmill purchased another sawmill \u2013 Aegviidu Puit, and in 2012 the Viru-Nigula Sawmill. The three sawmills now operate under the single trademark Nordwood.<\/p>\n\n\n\n<p>In 2013, Palmako opened a fully automated wood pellet plant and opened a new plant in P\u00f5ltsamaa.<\/p>\n\n\n\n<p>The new timber head office of Lemeks in Tartu was built in 2014 and <em>ca<\/em> 100 people work there. The building rests on the glulam timber beams made in the Palmako plant and is an excellent example of the possibilities offered by timber.<\/p>\n\n\n\n<p>In 2017, Lemeks established the plywood plant Estonian Plywood, which started producing birch veneer and plywood in 2019 in its plant in J\u00f5geva County, which has the most modern equipment in Europe.<\/p>\n\n\n\n<p>The merger of Palmako and Imprest was completed in 2018 and the merged company continues to operate under the name Palmako AS. The Lemeks Group makes every effort to preserve the environment in which we perform our everyday work. This is why a solar power plant has been operating in the Kavastu plant of Palmako since autumn 2018, which provides approximately 10% of the power required for production.<\/p>\n\n\n\n<p>In 2025, Thuka Nordwood AS (formerly known as Flexa Eesti) joined the Nordwood brand portfolio.\u00a0This company is the manufacturing arm behind the well-known children&#8217;s furniture brand\u00a0Thuka, enhancing Nordwood\u2019s business scope with a strong foothold in high-quality furniture production.<\/p>\n\n\n\n<p><\/p>\n","protected":false},"excerpt":{"rendered":"<p>When the restored Republic of Estonia began to rapidly develop, it was the right time to create a logging company which covers the whole of Estonia and values domestic timber. In 1993, Lemeks launched logging and harvesting forests in Tartu, J\u00f5geva, V\u00f5ru, Valga and P\u00f5lva counties. For example, the University of Tartu Hospital was established, [&hellip;]<\/p>\n","protected":false},"author":6,"featured_media":1062,"parent":1184,"menu_order":4,"comment_status":"closed","ping_status":"closed","template":"","meta":{"_acf_changed":false,"footnotes":""},"class_list":["post-1192","page","type-page","status-publish","has-post-thumbnail","hentry"],"acf":{"photo_gallery":{"galerii":[[]]}},"_links":{"self":[{"href":"https:\/\/www.lemeks.ee\/en\/wp-json\/wp\/v2\/pages\/1192","targetHints":{"allow":["GET"]}}],"collection":[{"href":"https:\/\/www.lemeks.ee\/en\/wp-json\/wp\/v2\/pages"}],"about":[{"href":"https:\/\/www.lemeks.ee\/en\/wp-json\/wp\/v2\/types\/page"}],"author":[{"embeddable":true,"href":"https:\/\/www.lemeks.ee\/en\/wp-json\/wp\/v2\/users\/6"}],"replies":[{"embeddable":true,"href":"https:\/\/www.lemeks.ee\/en\/wp-json\/wp\/v2\/comments?post=1192"}],"version-history":[{"count":3,"href":"https:\/\/www.lemeks.ee\/en\/wp-json\/wp\/v2\/pages\/1192\/revisions"}],"predecessor-version":[{"id":1848,"href":"https:\/\/www.lemeks.ee\/en\/wp-json\/wp\/v2\/pages\/1192\/revisions\/1848"}],"up":[{"embeddable":true,"href":"https:\/\/www.lemeks.ee\/en\/wp-json\/wp\/v2\/pages\/1184"}],"wp:featuredmedia":[{"embeddable":true,"href":"https:\/\/www.lemeks.ee\/en\/wp-json\/wp\/v2\/media\/1062"}],"wp:attachment":[{"href":"https:\/\/www.lemeks.ee\/en\/wp-json\/wp\/v2\/media?parent=1192"}],"curies":[{"name":"wp","href":"https:\/\/api.w.org\/{rel}","templated":true}]}}